{"id":4356,"date":"2025-07-31T17:10:49","date_gmt":"2025-07-31T15:10:49","guid":{"rendered":"https:\/\/www.sotterraneidiroma.it\/it\/?page_id=4356"},"modified":"2025-07-31T17:16:30","modified_gmt":"2025-07-31T15:16:30","slug":"national-geographic-traveller","status":"publish","type":"page","link":"https:\/\/www.sotterraneidiroma.it\/it\/national-geographic-traveller\/","title":{"rendered":"National Geographic Traveller"},"content":{"rendered":"\t\t<div data-elementor-type=\"wp-page\" data-elementor-id=\"4356\" class=\"elementor elementor-4356\" data-elementor-post-type=\"page\">\n\t\t\t\t<div class=\"elementor-element elementor-element-387cd2c e-flex e-con-boxed e-con e-parent\" data-id=\"387cd2c\" data-element_type=\"container\" data-e-type=\"container\">\n\t\t\t\t\t<div class=\"e-con-inner\">\n\t\t\t\t<div class=\"elementor-element elementor-element-5de3b59 elementor-widget elementor-widget-image\" data-id=\"5de3b59\" data-element_type=\"widget\" data-e-type=\"widget\" data-widget_type=\"image.default\">\n\t\t\t\t<div class=\"elementor-widget-container\">\n\t\t\t\t\t\t\t\t\t\t\t\t\t\t\t\t<a href=\"https:\/\/magazine.natgeotraveller.co.uk\/NGTC-European-Cities-June-2025\/sotterranei-di-roma\/\" target=\"_blank\">\n\t\t\t\t\t\t\t<img fetchpriority=\"high\" decoding=\"async\" width=\"2078\" height=\"1138\" src=\"https:\/\/www.sotterraneidiroma.it\/it\/wp-content\/uploads\/2024\/12\/asfeatured_CITIES.jpg\" class=\"attachment-full size-full wp-image-4217\" alt=\"\" srcset=\"https:\/\/www.sotterraneidiroma.it\/it\/wp-content\/uploads\/2024\/12\/asfeatured_CITIES.jpg 2078w, https:\/\/www.sotterraneidiroma.it\/it\/wp-content\/uploads\/2024\/12\/asfeatured_CITIES-300x164.jpg 300w, https:\/\/www.sotterraneidiroma.it\/it\/wp-content\/uploads\/2024\/12\/asfeatured_CITIES-1024x561.jpg 1024w, https:\/\/www.sotterraneidiroma.it\/it\/wp-content\/uploads\/2024\/12\/asfeatured_CITIES-768x421.jpg 768w, https:\/\/www.sotterraneidiroma.it\/it\/wp-content\/uploads\/2024\/12\/asfeatured_CITIES-1536x841.jpg 1536w, https:\/\/www.sotterraneidiroma.it\/it\/wp-content\/uploads\/2024\/12\/asfeatured_CITIES-2048x1122.jpg 2048w\" sizes=\"(max-width: 2078px) 100vw, 2078px\" \/>\t\t\t\t\t\t\t\t<\/a>\n\t\t\t\t\t\t\t\t\t\t\t\t\t\t\t<\/div>\n\t\t\t\t<\/div>\n\t\t\t\t<div class=\"elementor-element elementor-element-65ad0d9 elementor-widget elementor-widget-text-editor\" data-id=\"65ad0d9\" data-element_type=\"widget\" data-e-type=\"widget\" data-widget_type=\"text-editor.default\">\n\t\t\t\t<div class=\"elementor-widget-container\">\n\t\t\t\t\t\t\t\t\t<div class=\"flex-1 overflow-hidden @container\/thread\"><p data-start=\"249\" data-end=\"442\">Con immenso orgoglio annunciamo che <strong data-start=\"285\" data-end=\"383\">Sotterranei di Roma \u00e8 stato selezionato da <em data-start=\"330\" data-end=\"381\">National Geographic Traveller \u2013 Luxury Collection<\/em><\/strong> tra le esperienze pi\u00f9 suggestive da vivere nella Capitale.<\/p><p data-start=\"444\" data-end=\"649\">Essere presenti in una pubblicazione cos\u00ec autorevole non \u00e8 solo un riconoscimento del nostro lavoro, ma una testimonianza del valore storico e culturale dei luoghi che custodiamo e raccontiamo ogni giorno.<\/p><p data-start=\"651\" data-end=\"1055\">Nel servizio pubblicato da <em data-start=\"678\" data-end=\"709\">National Geographic Traveller<\/em>, la nostra attivit\u00e0 viene descritta come <em data-start=\"751\" data-end=\"942\">&#8220;un viaggio misterioso tra i livelli nascosti della Citt\u00e0 Eterna, alla scoperta di antichi acquedotti, cripte dimenticate e passaggi segreti che raccontano storie affascinanti e millenarie&#8221;<\/em>. Un invito a scendere sotto la superficie, per guardare Roma da una prospettiva diversa, autentica, emozionante.<\/p><p data-start=\"1057\" data-end=\"1363\">Siamo onorati di essere stati inseriti in una selezione cos\u00ec prestigiosa, al fianco di realt\u00e0 internazionali che promuovono turismo di qualit\u00e0, sostenibile e consapevole. Questo traguardo \u00e8 il frutto di anni di passione, ricerca e rispetto verso un patrimonio spesso invisibile, ma di straordinario valore.<\/p><p data-start=\"1365\" data-end=\"1477\">Lo dedichiamo a tutti voi, che ogni giorno ci sostenete e ci scegliete per vivere un\u2019esperienza fuori dal tempo.<\/p><p data-start=\"1479\" data-end=\"1542\"><strong data-start=\"1479\" data-end=\"1542\">Grazie a <em data-start=\"1490\" data-end=\"1521\">National Geographic Traveller<\/em> per averci scelto.<\/strong><\/p><\/div>\t\t\t\t\t\t\t\t<\/div>\n\t\t\t\t<\/div>\n\t\t\t\t<div class=\"elementor-element elementor-element-0e07c86 elementor-align-center elementor-widget elementor-widget-button\" data-id=\"0e07c86\" data-element_type=\"widget\" data-e-type=\"widget\" data-widget_type=\"button.default\">\n\t\t\t\t<div class=\"elementor-widget-container\">\n\t\t\t\t\t\t\t\t\t<div class=\"elementor-button-wrapper\">\n\t\t\t\t\t<a class=\"elementor-button elementor-button-link elementor-size-sm\" href=\"https:\/\/magazine.natgeotraveller.co.uk\/NGTC-European-Cities-June-2025\/sotterranei-di-roma\/\" target=\"_blank\">\n\t\t\t\t\t\t<span class=\"elementor-button-content-wrapper\">\n\t\t\t\t\t\t\t\t\t<span class=\"elementor-button-text\">scopri di pi\u00f9<\/span>\n\t\t\t\t\t<\/span>\n\t\t\t\t\t<\/a>\n\t\t\t\t<\/div>\n\t\t\t\t\t\t\t\t<\/div>\n\t\t\t\t<\/div>\n\t\t\t\t\t<\/div>\n\t\t\t\t<\/div>\n\t\t\t\t<\/div>\n\t\t","protected":false},"excerpt":{"rendered":"<p>Con immenso orgoglio annunciamo che Sotterranei di Roma \u00e8 stato selezionato da National Geographic Traveller \u2013 Luxury Collection tra le esperienze pi\u00f9 suggestive da vivere nella Capitale. Essere presenti in una pubblicazione cos\u00ec autorevole non \u00e8 solo un riconoscimento del nostro lavoro, ma una testimonianza del valore storico e culturale dei luoghi che custodiamo e [&hellip;]<\/p>\n","protected":false},"author":1,"featured_media":0,"parent":0,"menu_order":0,"comment_status":"closed","ping_status":"closed","template":"","meta":{"_acf_changed":false,"sfsi_plus_gutenberg_text_before_share":"","sfsi_plus_gutenberg_show_text_before_share":"","sfsi_plus_gutenberg_icon_type":"","sfsi_plus_gutenberg_icon_alignemt":"","sfsi_plus_gutenburg_max_per_row":"","footnotes":""},"class_list":["post-4356","page","type-page","status-publish","hentry"],"acf":[],"yoast_head":"<!-- This site is optimized with the Yoast SEO plugin v27.1.1 - https:\/\/yoast.com\/product\/yoast-seo-wordpress\/ -->\n<title>National Geographic Traveller - Sotterranei di Roma<\/title>\n<meta name=\"robots\" content=\"index, follow, max-snippet:-1, max-image-preview:large, max-video-preview:-1\" \/>\n<link rel=\"canonical\" href=\"https:\/\/www.sotterraneidiroma.it\/it\/national-geographic-traveller\/\" \/>\n<meta property=\"og:locale\" content=\"it_IT\" \/>\n<meta property=\"og:type\" content=\"article\" \/>\n<meta property=\"og:title\" content=\"National Geographic Traveller - Sotterranei di Roma\" \/>\n<meta property=\"og:description\" content=\"Con immenso orgoglio annunciamo che Sotterranei di Roma \u00e8 stato selezionato da National Geographic Traveller \u2013 Luxury Collection tra le esperienze\" \/>\n<meta property=\"og:url\" content=\"https:\/\/www.sotterraneidiroma.it\/it\/national-geographic-traveller\/\" \/>\n<meta property=\"og:site_name\" content=\"Sotterranei di Roma\" \/>\n<meta property=\"article:publisher\" content=\"https:\/\/www.facebook.com\/Sotterraneidiroma\/\" \/>\n<meta property=\"article:modified_time\" content=\"2025-07-31T15:16:30+00:00\" \/>\n<meta property=\"og:image\" content=\"https:\/\/www.sotterraneidiroma.it\/it\/wp-content\/uploads\/2024\/12\/asfeatured_CITIES.jpg\" \/>\n<meta name=\"twitter:card\" content=\"summary_large_image\" \/>\n<meta name=\"twitter:label1\" content=\"Tempo di lettura stimato\" \/>\n\t<meta name=\"twitter:data1\" content=\"2 minuti\" \/>\n<script type=\"application\/ld+json\" class=\"yoast-schema-graph\">{\"@context\":\"https:\/\/schema.org\",\"@graph\":[{\"@type\":\"WebPage\",\"@id\":\"https:\/\/www.sotterraneidiroma.it\/it\/national-geographic-traveller\/\",\"url\":\"https:\/\/www.sotterraneidiroma.it\/it\/national-geographic-traveller\/\",\"name\":\"National Geographic Traveller - Sotterranei di Roma\",\"isPartOf\":{\"@id\":\"https:\/\/www.sotterraneidiroma.it\/it\/#website\"},\"primaryImageOfPage\":{\"@id\":\"https:\/\/www.sotterraneidiroma.it\/it\/national-geographic-traveller\/#primaryimage\"},\"image\":{\"@id\":\"https:\/\/www.sotterraneidiroma.it\/it\/national-geographic-traveller\/#primaryimage\"},\"thumbnailUrl\":\"https:\/\/www.sotterraneidiroma.it\/it\/wp-content\/uploads\/2024\/12\/asfeatured_CITIES.jpg\",\"datePublished\":\"2025-07-31T15:10:49+00:00\",\"dateModified\":\"2025-07-31T15:16:30+00:00\",\"breadcrumb\":{\"@id\":\"https:\/\/www.sotterraneidiroma.it\/it\/national-geographic-traveller\/#breadcrumb\"},\"inLanguage\":\"it-IT\",\"potentialAction\":[{\"@type\":\"ReadAction\",\"target\":[\"https:\/\/www.sotterraneidiroma.it\/it\/national-geographic-traveller\/\"]}]},{\"@type\":\"ImageObject\",\"inLanguage\":\"it-IT\",\"@id\":\"https:\/\/www.sotterraneidiroma.it\/it\/national-geographic-traveller\/#primaryimage\",\"url\":\"https:\/\/www.sotterraneidiroma.it\/it\/wp-content\/uploads\/2024\/12\/asfeatured_CITIES.jpg\",\"contentUrl\":\"https:\/\/www.sotterraneidiroma.it\/it\/wp-content\/uploads\/2024\/12\/asfeatured_CITIES.jpg\",\"width\":2078,\"height\":1138},{\"@type\":\"BreadcrumbList\",\"@id\":\"https:\/\/www.sotterraneidiroma.it\/it\/national-geographic-traveller\/#breadcrumb\",\"itemListElement\":[{\"@type\":\"ListItem\",\"position\":1,\"name\":\"Home\",\"item\":\"https:\/\/www.sotterraneidiroma.it\/it\/\"},{\"@type\":\"ListItem\",\"position\":2,\"name\":\"National Geographic Traveller\"}]},{\"@type\":\"WebSite\",\"@id\":\"https:\/\/www.sotterraneidiroma.it\/it\/#website\",\"url\":\"https:\/\/www.sotterraneidiroma.it\/it\/\",\"name\":\"Sotterranei di Roma\",\"description\":\"Ad Augusta per Angusta\",\"publisher\":{\"@id\":\"https:\/\/www.sotterraneidiroma.it\/it\/#organization\"},\"potentialAction\":[{\"@type\":\"SearchAction\",\"target\":{\"@type\":\"EntryPoint\",\"urlTemplate\":\"https:\/\/www.sotterraneidiroma.it\/it\/?s={search_term_string}\"},\"query-input\":{\"@type\":\"PropertyValueSpecification\",\"valueRequired\":true,\"valueName\":\"search_term_string\"}}],\"inLanguage\":\"it-IT\"},{\"@type\":\"Organization\",\"@id\":\"https:\/\/www.sotterraneidiroma.it\/it\/#organization\",\"name\":\"Sotterranei di Roma\",\"url\":\"https:\/\/www.sotterraneidiroma.it\/it\/\",\"logo\":{\"@type\":\"ImageObject\",\"inLanguage\":\"it-IT\",\"@id\":\"https:\/\/www.sotterraneidiroma.it\/it\/#\/schema\/logo\/image\/\",\"url\":\"https:\/\/www.sotterraneidiroma.it\/it\/wp-content\/uploads\/2024\/12\/logo-sotterranei.png\",\"contentUrl\":\"https:\/\/www.sotterraneidiroma.it\/it\/wp-content\/uploads\/2024\/12\/logo-sotterranei.png\",\"width\":500,\"height\":200,\"caption\":\"Sotterranei di Roma\"},\"image\":{\"@id\":\"https:\/\/www.sotterraneidiroma.it\/it\/#\/schema\/logo\/image\/\"},\"sameAs\":[\"https:\/\/www.facebook.com\/Sotterraneidiroma\/\",\"https:\/\/www.instagram.com\/sotterraneidiroma\/\",\"https:\/\/www.youtube.com\/channel\/UCFe4rIWSra-mDFsMhq8RN-Q\",\"https:\/\/twitter.com\/sotterraneiroma\"]}]}<\/script>\n<!-- \/ Yoast SEO plugin. -->","yoast_head_json":{"title":"National Geographic Traveller - Sotterranei di Roma","robots":{"index":"index","follow":"follow","max-snippet":"max-snippet:-1","max-image-preview":"max-image-preview:large","max-video-preview":"max-video-preview:-1"},"canonical":"https:\/\/www.sotterraneidiroma.it\/it\/national-geographic-traveller\/","og_locale":"it_IT","og_type":"article","og_title":"National Geographic Traveller - Sotterranei di Roma","og_description":"Con immenso orgoglio annunciamo che Sotterranei di Roma \u00e8 stato selezionato da National Geographic Traveller \u2013 Luxury Collection tra le esperienze","og_url":"https:\/\/www.sotterraneidiroma.it\/it\/national-geographic-traveller\/","og_site_name":"Sotterranei di Roma","article_publisher":"https:\/\/www.facebook.com\/Sotterraneidiroma\/","article_modified_time":"2025-07-31T15:16:30+00:00","og_image":[{"url":"https:\/\/www.sotterraneidiroma.it\/it\/wp-content\/uploads\/2024\/12\/asfeatured_CITIES.jpg","type":"","width":"","height":""}],"twitter_card":"summary_large_image","twitter_misc":{"Tempo di lettura stimato":"2 minuti"},"schema":{"@context":"https:\/\/schema.org","@graph":[{"@type":"WebPage","@id":"https:\/\/www.sotterraneidiroma.it\/it\/national-geographic-traveller\/","url":"https:\/\/www.sotterraneidiroma.it\/it\/national-geographic-traveller\/","name":"National Geographic Traveller - Sotterranei di Roma","isPartOf":{"@id":"https:\/\/www.sotterraneidiroma.it\/it\/#website"},"primaryImageOfPage":{"@id":"https:\/\/www.sotterraneidiroma.it\/it\/national-geographic-traveller\/#primaryimage"},"image":{"@id":"https:\/\/www.sotterraneidiroma.it\/it\/national-geographic-traveller\/#primaryimage"},"thumbnailUrl":"https:\/\/www.sotterraneidiroma.it\/it\/wp-content\/uploads\/2024\/12\/asfeatured_CITIES.jpg","datePublished":"2025-07-31T15:10:49+00:00","dateModified":"2025-07-31T15:16:30+00:00","breadcrumb":{"@id":"https:\/\/www.sotterraneidiroma.it\/it\/national-geographic-traveller\/#breadcrumb"},"inLanguage":"it-IT","potentialAction":[{"@type":"ReadAction","target":["https:\/\/www.sotterraneidiroma.it\/it\/national-geographic-traveller\/"]}]},{"@type":"ImageObject","inLanguage":"it-IT","@id":"https:\/\/www.sotterraneidiroma.it\/it\/national-geographic-traveller\/#primaryimage","url":"https:\/\/www.sotterraneidiroma.it\/it\/wp-content\/uploads\/2024\/12\/asfeatured_CITIES.jpg","contentUrl":"https:\/\/www.sotterraneidiroma.it\/it\/wp-content\/uploads\/2024\/12\/asfeatured_CITIES.jpg","width":2078,"height":1138},{"@type":"BreadcrumbList","@id":"https:\/\/www.sotterraneidiroma.it\/it\/national-geographic-traveller\/#breadcrumb","itemListElement":[{"@type":"ListItem","position":1,"name":"Home","item":"https:\/\/www.sotterraneidiroma.it\/it\/"},{"@type":"ListItem","position":2,"name":"National Geographic Traveller"}]},{"@type":"WebSite","@id":"https:\/\/www.sotterraneidiroma.it\/it\/#website","url":"https:\/\/www.sotterraneidiroma.it\/it\/","name":"Sotterranei di Roma","description":"Ad Augusta per Angusta","publisher":{"@id":"https:\/\/www.sotterraneidiroma.it\/it\/#organization"},"potentialAction":[{"@type":"SearchAction","target":{"@type":"EntryPoint","urlTemplate":"https:\/\/www.sotterraneidiroma.it\/it\/?s={search_term_string}"},"query-input":{"@type":"PropertyValueSpecification","valueRequired":true,"valueName":"search_term_string"}}],"inLanguage":"it-IT"},{"@type":"Organization","@id":"https:\/\/www.sotterraneidiroma.it\/it\/#organization","name":"Sotterranei di Roma","url":"https:\/\/www.sotterraneidiroma.it\/it\/","logo":{"@type":"ImageObject","inLanguage":"it-IT","@id":"https:\/\/www.sotterraneidiroma.it\/it\/#\/schema\/logo\/image\/","url":"https:\/\/www.sotterraneidiroma.it\/it\/wp-content\/uploads\/2024\/12\/logo-sotterranei.png","contentUrl":"https:\/\/www.sotterraneidiroma.it\/it\/wp-content\/uploads\/2024\/12\/logo-sotterranei.png","width":500,"height":200,"caption":"Sotterranei di Roma"},"image":{"@id":"https:\/\/www.sotterraneidiroma.it\/it\/#\/schema\/logo\/image\/"},"sameAs":["https:\/\/www.facebook.com\/Sotterraneidiroma\/","https:\/\/www.instagram.com\/sotterraneidiroma\/","https:\/\/www.youtube.com\/channel\/UCFe4rIWSra-mDFsMhq8RN-Q","https:\/\/twitter.com\/sotterraneiroma"]}]}},"_links":{"self":[{"href":"https:\/\/www.sotterraneidiroma.it\/it\/wp-json\/wp\/v2\/pages\/4356","targetHints":{"allow":["GET"]}}],"collection":[{"href":"https:\/\/www.sotterraneidiroma.it\/it\/wp-json\/wp\/v2\/pages"}],"about":[{"href":"https:\/\/www.sotterraneidiroma.it\/it\/wp-json\/wp\/v2\/types\/page"}],"author":[{"embeddable":true,"href":"https:\/\/www.sotterraneidiroma.it\/it\/wp-json\/wp\/v2\/users\/1"}],"replies":[{"embeddable":true,"href":"https:\/\/www.sotterraneidiroma.it\/it\/wp-json\/wp\/v2\/comments?post=4356"}],"version-history":[{"count":8,"href":"https:\/\/www.sotterraneidiroma.it\/it\/wp-json\/wp\/v2\/pages\/4356\/revisions"}],"predecessor-version":[{"id":4364,"href":"https:\/\/www.sotterraneidiroma.it\/it\/wp-json\/wp\/v2\/pages\/4356\/revisions\/4364"}],"wp:attachment":[{"href":"https:\/\/www.sotterraneidiroma.it\/it\/wp-json\/wp\/v2\/media?parent=4356"}],"curies":[{"name":"wp","href":"https:\/\/api.w.org\/{rel}","templated":true}]}}